{"id":172,"date":"2023-09-11T14:05:23","date_gmt":"2023-09-11T11:05:23","guid":{"rendered":"https:\/\/creadive.humak.fi\/contact-information\/"},"modified":"2026-03-10T17:08:24","modified_gmt":"2026-03-10T15:08:24","slug":"contact-information","status":"publish","type":"page","link":"https:\/\/creadive.humak.fi\/en\/contact-information\/","title":{"rendered":"Contact information"},"content":{"rendered":"\n<div class=\"wp-block-columns is-layout-flex wp-container-core-columns-is-layout-9d6595d7 wp-block-columns-is-layout-flex\">\n<div class=\"wp-block-column is-layout-flow wp-block-column-is-layout-flow\">\n<div class=\"wp-block-columns is-layout-flex wp-container-core-columns-is-layout-9d6595d7 wp-block-columns-is-layout-flex\">\n<div class=\"wp-block-column is-layout-flow wp-block-column-is-layout-flow\">\n<div class=\"wp-block-cover is-light\" style=\"min-height:162px;aspect-ratio:unset;\"><span aria-hidden=\"true\" class=\"wp-block-cover__background has-background-dim-60 has-background-dim\" style=\"background-color:#c8a6d6\"><\/span><div class=\"wp-block-cover__inner-container is-layout-flow wp-block-cover-is-layout-flow\">\n<p class=\"has-text-align-center\" style=\"font-size:18px\">Projektip\u00e4\u00e4llikk\u00f6 \/ Project manager<\/p>\n\n\n\n<figure class=\"wp-block-image size-large\"><img loading=\"lazy\" decoding=\"async\" width=\"683\" height=\"1024\" src=\"https:\/\/creadive.humak.fi\/wp-content\/uploads\/sites\/112\/2024\/01\/31-eveliina-inkinen-1-683x1024.jpg\" alt=\"\" class=\"wp-image-110\" srcset=\"https:\/\/creadive.humak.fi\/wp-content\/uploads\/sites\/112\/2024\/01\/31-eveliina-inkinen-1-683x1024.jpg 683w, https:\/\/creadive.humak.fi\/wp-content\/uploads\/sites\/112\/2024\/01\/31-eveliina-inkinen-1-200x300.jpg 200w, https:\/\/creadive.humak.fi\/wp-content\/uploads\/sites\/112\/2024\/01\/31-eveliina-inkinen-1-768x1152.jpg 768w, https:\/\/creadive.humak.fi\/wp-content\/uploads\/sites\/112\/2024\/01\/31-eveliina-inkinen-1-1024x1536.jpg 1024w, https:\/\/creadive.humak.fi\/wp-content\/uploads\/sites\/112\/2024\/01\/31-eveliina-inkinen-1-16x24.jpg 16w, https:\/\/creadive.humak.fi\/wp-content\/uploads\/sites\/112\/2024\/01\/31-eveliina-inkinen-1-24x36.jpg 24w, https:\/\/creadive.humak.fi\/wp-content\/uploads\/sites\/112\/2024\/01\/31-eveliina-inkinen-1-32x48.jpg 32w, https:\/\/creadive.humak.fi\/wp-content\/uploads\/sites\/112\/2024\/01\/31-eveliina-inkinen-1.jpg 1365w\" sizes=\"auto, (max-width: 683px) 100vw, 683px\" \/><\/figure>\n\n\n\n<p class=\"has-text-align-center\" style=\"font-size:18px\"><strong>Eveliina Inkinen<\/strong> &#x65;&#118;e&#x6c;&#x69;&#105;n&#x61;&#x2e;&#105;n&#x6b;&#105;n&#x65;&#x6e;&#64;h&#x75;&#x6d;&#97;k&#x2e;&#102;&#105;<\/p>\n<\/div><\/div>\n<\/div>\n\n\n\n<div class=\"wp-block-column is-layout-flow wp-block-column-is-layout-flow\">\n<div class=\"wp-block-cover is-light\" style=\"min-height:162px;aspect-ratio:unset;\"><span aria-hidden=\"true\" class=\"wp-block-cover__background has-background-dim-60 has-background-dim\" style=\"background-color:#d5cfff\"><\/span><div class=\"wp-block-cover__inner-container is-layout-flow wp-block-cover-is-layout-flow\">\n<p class=\"has-text-align-center\" style=\"font-size:18px\">Valmentaja \/ Coach<\/p>\n\n\n\n<div style=\"height:25px\" aria-hidden=\"true\" class=\"wp-block-spacer\"><\/div>\n\n\n\n<figure class=\"wp-block-image size-large\"><img loading=\"lazy\" decoding=\"async\" width=\"683\" height=\"1024\" src=\"https:\/\/creadive.humak.fi\/wp-content\/uploads\/sites\/112\/2024\/01\/Anna-2023-683x1024.jpg\" alt=\"\" class=\"wp-image-113\" srcset=\"https:\/\/creadive.humak.fi\/wp-content\/uploads\/sites\/112\/2024\/01\/Anna-2023-683x1024.jpg 683w, https:\/\/creadive.humak.fi\/wp-content\/uploads\/sites\/112\/2024\/01\/Anna-2023-200x300.jpg 200w, https:\/\/creadive.humak.fi\/wp-content\/uploads\/sites\/112\/2024\/01\/Anna-2023-768x1152.jpg 768w, https:\/\/creadive.humak.fi\/wp-content\/uploads\/sites\/112\/2024\/01\/Anna-2023-1024x1536.jpg 1024w, https:\/\/creadive.humak.fi\/wp-content\/uploads\/sites\/112\/2024\/01\/Anna-2023-16x24.jpg 16w, https:\/\/creadive.humak.fi\/wp-content\/uploads\/sites\/112\/2024\/01\/Anna-2023-24x36.jpg 24w, https:\/\/creadive.humak.fi\/wp-content\/uploads\/sites\/112\/2024\/01\/Anna-2023-32x48.jpg 32w, https:\/\/creadive.humak.fi\/wp-content\/uploads\/sites\/112\/2024\/01\/Anna-2023.jpg 1365w\" sizes=\"auto, (max-width: 683px) 100vw, 683px\" \/><\/figure>\n\n\n\n<p class=\"has-text-align-center\" style=\"font-size:18px\"><strong>Anna Pikala<\/strong><br> &#97;n&#110;a&#46;p&#x69;k&#x61;l&#x61;&#64;&#x68;u&#x6d;a&#x6b;&#46;&#x66;i<\/p>\n<\/div><\/div>\n<\/div>\n<\/div>\n<\/div>\n\n\n\n<div class=\"wp-block-column is-layout-flow wp-block-column-is-layout-flow\">\n<div class=\"wp-block-columns is-layout-flex wp-container-core-columns-is-layout-9d6595d7 wp-block-columns-is-layout-flex\">\n<div class=\"wp-block-column is-layout-flow wp-block-column-is-layout-flow\">\n<div class=\"wp-block-cover is-light\" style=\"min-height:162px;aspect-ratio:unset;\"><span aria-hidden=\"true\" class=\"wp-block-cover__background has-background-dim-60 has-background-dim\" style=\"background-color:#c8a6d6\"><\/span><div class=\"wp-block-cover__inner-container is-layout-flow wp-block-cover-is-layout-flow\">\n<p class=\"has-text-align-center\" style=\"font-size:18px\">Valmentaja \/ Coach<\/p>\n\n\n\n<div style=\"height:25px\" aria-hidden=\"true\" class=\"wp-block-spacer\"><\/div>\n\n\n\n<figure class=\"wp-block-image size-full\"><img loading=\"lazy\" decoding=\"async\" width=\"533\" height=\"800\" src=\"https:\/\/creadive.humak.fi\/wp-content\/uploads\/sites\/112\/2025\/05\/Profiilikuva_Kostia.jpg\" alt=\"\" class=\"wp-image-274\" srcset=\"https:\/\/creadive.humak.fi\/wp-content\/uploads\/sites\/112\/2025\/05\/Profiilikuva_Kostia.jpg 533w, https:\/\/creadive.humak.fi\/wp-content\/uploads\/sites\/112\/2025\/05\/Profiilikuva_Kostia-200x300.jpg 200w, https:\/\/creadive.humak.fi\/wp-content\/uploads\/sites\/112\/2025\/05\/Profiilikuva_Kostia-16x24.jpg 16w, https:\/\/creadive.humak.fi\/wp-content\/uploads\/sites\/112\/2025\/05\/Profiilikuva_Kostia-24x36.jpg 24w, https:\/\/creadive.humak.fi\/wp-content\/uploads\/sites\/112\/2025\/05\/Profiilikuva_Kostia-32x48.jpg 32w\" sizes=\"auto, (max-width: 533px) 100vw, 533px\" \/><\/figure>\n\n\n\n<p class=\"has-text-align-center\" style=\"font-size:18px\"><strong>Paula Kostia<\/strong><br> &#112;&#x61;&#117;&#x6c;&#97;&#x2e;&#107;&#x6f;s&#x74;i&#x61;&#64;&#x68;u&#109;&#x61;&#107;&#x2e;&#102;&#x69;<\/p>\n<\/div><\/div>\n<\/div>\n\n\n\n<div class=\"wp-block-column is-layout-flow wp-block-column-is-layout-flow\">\n<div class=\"wp-block-cover is-light\" style=\"min-height:162px;aspect-ratio:unset;\"><span aria-hidden=\"true\" class=\"wp-block-cover__background has-background-dim-60 has-background-dim\" style=\"background-color:#d5cfff\"><\/span><div class=\"wp-block-cover__inner-container is-layout-flow wp-block-cover-is-layout-flow\">\n<p class=\"has-text-align-center\" style=\"font-size:18px\">Hautomovalmentaja \/ Incubation coach<\/p>\n\n\n\n<figure class=\"wp-block-image size-full\"><img loading=\"lazy\" decoding=\"async\" width=\"533\" height=\"800\" src=\"https:\/\/creadive.humak.fi\/wp-content\/uploads\/sites\/112\/2026\/03\/omakuva-virallinen-1.jpg\" alt=\"\" class=\"wp-image-353\" srcset=\"https:\/\/creadive.humak.fi\/wp-content\/uploads\/sites\/112\/2026\/03\/omakuva-virallinen-1.jpg 533w, https:\/\/creadive.humak.fi\/wp-content\/uploads\/sites\/112\/2026\/03\/omakuva-virallinen-1-200x300.jpg 200w, https:\/\/creadive.humak.fi\/wp-content\/uploads\/sites\/112\/2026\/03\/omakuva-virallinen-1-16x24.jpg 16w, https:\/\/creadive.humak.fi\/wp-content\/uploads\/sites\/112\/2026\/03\/omakuva-virallinen-1-24x36.jpg 24w, https:\/\/creadive.humak.fi\/wp-content\/uploads\/sites\/112\/2026\/03\/omakuva-virallinen-1-32x48.jpg 32w\" sizes=\"auto, (max-width: 533px) 100vw, 533px\" \/><\/figure>\n\n\n\n<p class=\"has-text-align-center\" style=\"font-size:18px\"><strong>Petri<\/strong> <strong>Katajarinne<\/strong><br> &#x70;&#x65;&#116;&#114;&#105;&#46;&#x6b;&#x61;&#x74;&#97;&#106;ar&#x69;&#x6e;&#x6e;&#101;&#64;h&#x75;&#x6d;&#x61;&#107;&#46;&#102;i<\/p>\n<\/div><\/div>\n\n\n\n<p class=\"has-text-align-center\" style=\"font-size:18px\"><\/p>\n<\/div>\n<\/div>\n<\/div>\n<\/div>\n","protected":false},"excerpt":{"rendered":"","protected":false},"author":13,"featured_media":0,"parent":0,"menu_order":0,"comment_status":"closed","ping_status":"closed","template":"template-fullwidth.php","meta":{"_acf_changed":false,"footnotes":""},"class_list":["post-172","page","type-page","status-publish","hentry"],"acf":[],"_links":{"self":[{"href":"https:\/\/creadive.humak.fi\/en\/wp-json\/wp\/v2\/pages\/172","targetHints":{"allow":["GET"]}}],"collection":[{"href":"https:\/\/creadive.humak.fi\/en\/wp-json\/wp\/v2\/pages"}],"about":[{"href":"https:\/\/creadive.humak.fi\/en\/wp-json\/wp\/v2\/types\/page"}],"author":[{"embeddable":true,"href":"https:\/\/creadive.humak.fi\/en\/wp-json\/wp\/v2\/users\/13"}],"replies":[{"embeddable":true,"href":"https:\/\/creadive.humak.fi\/en\/wp-json\/wp\/v2\/comments?post=172"}],"version-history":[{"count":5,"href":"https:\/\/creadive.humak.fi\/en\/wp-json\/wp\/v2\/pages\/172\/revisions"}],"predecessor-version":[{"id":355,"href":"https:\/\/creadive.humak.fi\/en\/wp-json\/wp\/v2\/pages\/172\/revisions\/355"}],"wp:attachment":[{"href":"https:\/\/creadive.humak.fi\/en\/wp-json\/wp\/v2\/media?parent=172"}],"curies":[{"name":"wp","href":"https:\/\/api.w.org\/{rel}","templated":true}]}}